{"id":20,"date":"2025-11-25T16:09:58","date_gmt":"2025-11-25T16:09:58","guid":{"rendered":"https:\/\/radicalskydiving.com.br\/?page_id=20"},"modified":"2025-12-19T21:43:47","modified_gmt":"2025-12-19T21:43:47","slug":"curso-aff","status":"publish","type":"page","link":"https:\/\/radicalskydiving.com.br\/?page_id=20","title":{"rendered":"CURSO AFF"},"content":{"rendered":"\t\t<div data-elementor-type=\"wp-page\" data-elementor-id=\"20\" class=\"elementor elementor-20\">\n\t\t\t\t\t\t\t\t\t<section class=\"elementor-section elementor-top-section elementor-element elementor-element-75900846 elementor-section-boxed elementor-section-height-default elementor-section-height-default\" data-id=\"75900846\" data-element_type=\"section\">\n\t\t\t\t\t\t<div class=\"elementor-container elementor-column-gap-default\">\n\t\t\t\t\t<div class=\"elementor-column elementor-col-100 elementor-top-column elementor-element elementor-element-291d096f\" data-id=\"291d096f\" data-element_type=\"column\">\n\t\t\t<div class=\"elementor-widget-wrap elementor-element-populated\">\n\t\t\t\t\t\t\t\t<div class=\"elementor-element elementor-element-1ed06130 elementor-widget elementor-widget-text-editor\" data-id=\"1ed06130\" data-element_type=\"widget\" data-widget_type=\"text-editor.default\">\n\t\t\t\t<div class=\"elementor-widget-container\">\n\t\t\t<style>\/*! elementor - v3.6.6 - 08-06-2022 *\/\n.elementor-widget-text-editor.elementor-drop-cap-view-stacked .elementor-drop-cap{background-color:#818a91;color:#fff}.elementor-widget-text-editor.elementor-drop-cap-view-framed .elementor-drop-cap{color:#818a91;border:3px solid;background-color:transparent}.elementor-widget-text-editor:not(.elementor-drop-cap-view-default) .elementor-drop-cap{margin-top:8px}.elementor-widget-text-editor:not(.elementor-drop-cap-view-default) .elementor-drop-cap-letter{width:1em;height:1em}.elementor-widget-text-editor .elementor-drop-cap{float:left;text-align:center;line-height:1;font-size:50px}.elementor-widget-text-editor .elementor-drop-cap-letter{display:inline-block}<\/style>\t\t\t\t<!-- wp:heading -->\n<h2 class=\"wp-block-heading\">\u2b50 <strong>Curso AFF \u2013 Voe Alto com o Treinamento que Forma Paraquedistas de Verdade!<\/strong><\/h2>\n<!-- \/wp:heading --><!-- wp:paragraph -->\n<p>O <strong>Curso AFF (Accelerated Free Fall)<\/strong> \u00e9 a porta de entrada mais emocionante e segura para quem quer aprender a saltar sozinho. Com uma metodologia moderna e din\u00e2mica, voc\u00ea evolui r\u00e1pido, ganha confian\u00e7a e vive a experi\u00eancia real do paraquedismo desde o primeiro salto.<\/p>\n<!-- \/wp:paragraph --><!-- wp:paragraph -->\n<p>Durante 7 n\u00edveis progressivos, voc\u00ea treina lado a lado com instrutores altamente qualificados, que acompanham cada movimento para garantir seguran\u00e7a e desempenho. Desde as primeiras t\u00e9cnicas aprendidas no solo at\u00e9 as manobras em queda livre, voc\u00ea sente a evolu\u00e7\u00e3o acontecer a cada salto!<\/p>\n<!-- \/wp:paragraph --><!-- wp:paragraph -->\n<p>Com o AFF, voc\u00ea vai aprender:<\/p>\n<!-- \/wp:paragraph --><!-- wp:list -->\n<ul class=\"wp-block-list\"><!-- wp:list-item -->\n<li>Controle corporal em queda livre<\/li>\n<!-- \/wp:list-item --><!-- wp:list-item -->\n<li>Leitura de altitude e abertura segura do paraquedas<\/li>\n<!-- \/wp:list-item --><!-- wp:list-item -->\n<li>Navega\u00e7\u00e3o precisa no velejo<\/li>\n<!-- \/wp:list-item --><!-- wp:list-item -->\n<li>Circuito de pouso e aterrissagem com seguran\u00e7a<\/li>\n<!-- \/wp:list-item --><\/ul>\n<!-- \/wp:list --><!-- wp:paragraph -->\n<p>Ao final, voc\u00ea estar\u00e1 pronto para saltar com autonomia e iniciar sua jornada no esporte mais radical e libertador do mundo.<\/p>\n<!-- \/wp:paragraph --><!-- wp:paragraph -->\n<p>\u27a1\ufe0f <strong>Se o seu sonho \u00e9 voar, o AFF \u00e9 o primeiro passo.<\/strong><br \/>Venha viver essa experi\u00eancia com a <em>Radical Skydiving<\/em>!<\/p>\n<!-- \/wp:paragraph -->\n<p>\u00a0<\/p>\n<p>\u00a0<\/p>\n<p>\u00a0<\/p>\n<p>\u00a0 \u00a0<\/p>\n<p>\u00a0 \u00a0<\/p>\n<p>\u00a0 \u00a0<\/p>\n<p>\u00a0 \u00a0<\/p>\n<p>\u00a0 \u00a0<\/p>\n<p>\u00a0 \u00a0<\/p>\n<p>\u00a0 \u00a0<\/p>\n<p>\u00a0<\/p>\n<p>\u00a0<\/p>\n<p>\u00a0<\/p>\n<p>\u00a0<\/p>\n<p>\u00a0 \u00a0 <!-- HEADER --><\/p>\n<p>\u00a0 \u00a0<\/p>\n<header><\/header>\n<p>\u00a0 \u00a0 \u00a0 \u00a0<\/p>\n<h1>RADICAL SKYDIVING<\/h1>\n<p>\u00a0 \u00a0 \u00a0 \u00a0<\/p>\n<p>Do c\u00e9u para a sua vida. Sinta a liberdade!<\/p>\n<p>\u00a0 \u00a0 \u00a0 \u00a0 <a href=\"#videos\">Ver v\u00eddeos<\/a><\/p>\n<p>\u00a0 \u00a0<\/p>\n<p>\u00a0<\/p>\n<p>\u00a0 \u00a0 <!-- SOBRE --><\/p>\n<p>\u00a0 \u00a0<\/p>\n<section id=\"sobre\"><\/section>\n<p>\u00a0 \u00a0 \u00a0 \u00a0<\/p>\n<h2>O que \u00e9 Radical Skydiving?<\/h2>\n<p>\u00a0 \u00a0 \u00a0 \u00a0<\/p>\n<p>Somos uma equipe apaixonada por paraquedismo, adrenalina e liberdade. Nosso objetivo \u00e9 inspirar, motivar e mostrar ao mundo o poder de transformar vidas atrav\u00e9s do salto.<\/p>\n<p>\u00a0 \u00a0<\/p>\n<p>\u00a0<\/p>\n<p>\u00a0 \u00a0 <!-- GALERIA DE V\u00cdDEOS --><\/p>\n<p>\u00a0 \u00a0<\/p>\n<section id=\"videos\"><\/section>\n<p>\u00a0 \u00a0 \u00a0 \u00a0<\/p>\n<h2>V\u00eddeos oficiais<\/h2>\n<p>\u00a0<\/p>\n<p>\u00a0 \u00a0 \u00a0 \u00a0<\/p>\n<div>\u00a0<\/div>\n<p>\u00a0 \u00a0 \u00a0 \u00a0 \u00a0 \u00a0 <!-- VIDEO THUMB 1 --><\/p>\n<p>\u00a0 \u00a0 \u00a0 \u00a0 \u00a0 \u00a0<\/p>\n<p>\u00a0 \u00a0 \u00a0 \u00a0 \u00a0 \u00a0 \u00a0 \u00a0 <img decoding=\"async\" src=\"thumb1.jpg\" alt=\"V\u00eddeo Radical 1\" \/><\/p>\n<p>\u00a0 \u00a0 \u00a0 \u00a0 \u00a0 \u00a0 \u00a0 \u00a0 \ud83c\udfa5 SALTO EXTREMO NAS NUVENS<\/p>\n<p>\u00a0 \u00a0 \u00a0 \u00a0 \u00a0 \u00a0<\/p>\n<p>\u00a0<\/p>\n<p>\u00a0 \u00a0 \u00a0 \u00a0 \u00a0 \u00a0 <!-- VIDEO THUMB 2 --><\/p>\n<p>\u00a0 \u00a0 \u00a0 \u00a0 \u00a0 \u00a0<\/p>\n<p>\u00a0 \u00a0 \u00a0 \u00a0 \u00a0 \u00a0 \u00a0 \u00a0 <img decoding=\"async\" src=\"thumb2.jpg\" alt=\"V\u00eddeo Radical 2\" \/><\/p>\n<p>\u00a0 \u00a0 \u00a0 \u00a0 \u00a0 \u00a0 \u00a0 \u00a0 \ud83c\udfa5 SALTANDO A 15 MIL P\u00c9S<\/p>\n<p>\u00a0 \u00a0 \u00a0 \u00a0 \u00a0 \u00a0<\/p>\n<p>\u00a0<\/p>\n<p>\u00a0 \u00a0 \u00a0 \u00a0 \u00a0 \u00a0 <!-- VIDEO THUMB 3 --><\/p>\n<p>\u00a0 \u00a0 \u00a0 \u00a0 \u00a0 \u00a0<\/p>\n<p>\u00a0 \u00a0 \u00a0 \u00a0 \u00a0 \u00a0 \u00a0 \u00a0 <img decoding=\"async\" src=\"thumb3.jpg\" alt=\"V\u00eddeo Radical 3\" \/><\/p>\n<p>\u00a0 \u00a0 \u00a0 \u00a0 \u00a0 \u00a0 \u00a0 \u00a0 \ud83c\udfa5 DESAFIO: QUEDA LIVRE<\/p>\n<p>\u00a0 \u00a0 \u00a0 \u00a0 \u00a0 \u00a0<\/p>\n<p>\u00a0 \u00a0 \u00a0 \u00a0<\/p>\n<p>\u00a0<\/p>\n<p>\u00a0 \u00a0 \u00a0 \u00a0 <a href=\"https:\/\/www.youtube.com\" target=\"_blank\" rel=\"noopener\">Acessar o canal completo<\/a><\/p>\n<p>\u00a0 \u00a0<\/p>\n<p>\u00a0<\/p>\n<p>\u00a0 \u00a0 <!-- CONTATO --><\/p>\n<p>\u00a0 \u00a0<\/p>\n<section id=\"contato\"><\/section>\n<p>\u00a0 \u00a0 \u00a0 \u00a0<\/p>\n<h2>Entre em contato<\/h2>\n<p>\u00a0 \u00a0 \u00a0 \u00a0<\/p>\n<p>Quer saber mais? Agendar salto? Mandar d\u00favidas?<\/p>\n<p>\u00a0 \u00a0 \u00a0 \u00a0 <a href=\"mailto:contato@radicalskydiving.com.br\">Enviar e-mail<\/a><\/p>\n<p>\u00a0 \u00a0<\/p>\n<p>\u00a0<\/p>\n<p>\u00a0 \u00a0 <!-- RODAP\u00c9 --><\/p>\n<p>\u00a0 \u00a0<\/p>\n<footer><\/footer>\n<p>\u00a0 \u00a0 \u00a0 \u00a0<\/p>\n<p>\u00a9 2025 Radical Skydiving \u2013 Todos os direitos reservados<\/p>\t\t\t\t\t\t<\/div>\n\t\t\t\t<\/div>\n\t\t\t\t\t<\/div>\n\t\t<\/div>\n\t\t\t\t\t\t\t<\/div>\n\t\t<\/section>\n\t\t\t\t\t\t\t<\/div>\n\t\t","protected":false},"excerpt":{"rendered":"<p>\u2b50 Curso AFF \u2013 Voe Alto com o Treinamento que Forma Paraquedistas de Verdade! O Curso AFF (Accelerated Free Fall) \u00e9 a porta de entrada mais emocionante e segura para quem quer aprender a saltar sozinho. Com uma metodologia moderna e din\u00e2mica, voc\u00ea evolui r\u00e1pido, ganha confian\u00e7a e vive a experi\u00eancia real do paraquedismo desde [&hellip;]<\/p>\n","protected":false},"author":1,"featured_media":0,"parent":0,"menu_order":0,"comment_status":"closed","ping_status":"closed","template":"","meta":{"footnotes":""},"class_list":["post-20","page","type-page","status-publish","hentry"],"yoast_head":"<!-- This site is optimized with the Yoast SEO Premium plugin v17.9 (Yoast SEO v17.9) - https:\/\/yoast.com\/wordpress\/plugins\/seo\/ -->\n<meta name=\"robots\" content=\"index, follow, max-snippet:-1, max-image-preview:large, max-video-preview:-1\" \/>\n<link rel=\"canonical\" href=\"https:\/\/radicalskydiving.com.br\/?page_id=20\" \/>\n<meta property=\"og:locale\" content=\"pt_BR\" \/>\n<meta property=\"og:type\" content=\"article\" \/>\n<meta property=\"og:title\" content=\"CURSO AFF\" \/>\n<meta property=\"og:description\" content=\"\u2b50 Curso AFF \u2013 Voe Alto com o Treinamento que Forma Paraquedistas de Verdade! O Curso AFF (Accelerated Free Fall) \u00e9 a porta de entrada mais emocionante e segura para quem quer aprender a saltar sozinho. Com uma metodologia moderna e din\u00e2mica, voc\u00ea evolui r\u00e1pido, ganha confian\u00e7a e vive a experi\u00eancia real do paraquedismo desde [&hellip;]\" \/>\n<meta property=\"og:url\" content=\"https:\/\/radicalskydiving.com.br\/?page_id=20\" \/>\n<meta property=\"og:site_name\" content=\"Radical Skydiving\" \/>\n<meta property=\"article:modified_time\" content=\"2025-12-19T21:43:47+00:00\" \/>\n<meta property=\"og:image\" content=\"http:\/\/thumb1.jpg\" \/>\n<meta name=\"twitter:card\" content=\"summary_large_image\" \/>\n<meta name=\"twitter:label1\" content=\"Est. tempo de leitura\" \/>\n\t<meta name=\"twitter:data1\" content=\"1 minuto\" \/>\n<script type=\"application\/ld+json\" class=\"yoast-schema-graph\">{\"@context\":\"https:\/\/schema.org\",\"@graph\":[{\"@type\":\"WebSite\",\"@id\":\"https:\/\/radicalskydiving.com.br\/#website\",\"url\":\"https:\/\/radicalskydiving.com.br\/\",\"name\":\"Radical Skydiving\",\"description\":\"Na Radical Skydiving, acreditamos que cada salto \\u00e9 mais do que adrenalina: \\u00e9 supera\\u00e7\\u00e3o, conex\\u00e3o e evolu\\u00e7\\u00e3o. Por isso, constru\\u00edmos nossa jornada sobre pilares que garantem seguran\\u00e7a, profissionalismo e experi\\u00eancias inesquec\\u00edveis.\",\"potentialAction\":[{\"@type\":\"SearchAction\",\"target\":{\"@type\":\"EntryPoint\",\"urlTemplate\":\"https:\/\/radicalskydiving.com.br\/?s={search_term_string}\"},\"query-input\":\"required name=search_term_string\"}],\"inLanguage\":\"pt-BR\"},{\"@type\":\"ImageObject\",\"@id\":\"https:\/\/radicalskydiving.com.br\/?page_id=20#primaryimage\",\"inLanguage\":\"pt-BR\",\"url\":\"thumb1.jpg\",\"contentUrl\":\"thumb1.jpg\"},{\"@type\":\"WebPage\",\"@id\":\"https:\/\/radicalskydiving.com.br\/?page_id=20#webpage\",\"url\":\"https:\/\/radicalskydiving.com.br\/?page_id=20\",\"name\":\"CURSO AFF - Radical Skydiving\",\"isPartOf\":{\"@id\":\"https:\/\/radicalskydiving.com.br\/#website\"},\"primaryImageOfPage\":{\"@id\":\"https:\/\/radicalskydiving.com.br\/?page_id=20#primaryimage\"},\"datePublished\":\"2025-11-25T16:09:58+00:00\",\"dateModified\":\"2025-12-19T21:43:47+00:00\",\"breadcrumb\":{\"@id\":\"https:\/\/radicalskydiving.com.br\/?page_id=20#breadcrumb\"},\"inLanguage\":\"pt-BR\",\"potentialAction\":[{\"@type\":\"ReadAction\",\"target\":[\"https:\/\/radicalskydiving.com.br\/?page_id=20\"]}]},{\"@type\":\"BreadcrumbList\",\"@id\":\"https:\/\/radicalskydiving.com.br\/?page_id=20#breadcrumb\",\"itemListElement\":[{\"@type\":\"ListItem\",\"position\":1,\"name\":\"In\\u00edcio\",\"item\":\"https:\/\/radicalskydiving.com.br\/\"},{\"@type\":\"ListItem\",\"position\":2,\"name\":\"CURSO AFF\"}]}]}<\/script>\n<!-- \/ Yoast SEO Premium plugin. -->","yoast_head_json":{"robots":{"index":"index","follow":"follow","max-snippet":"max-snippet:-1","max-image-preview":"max-image-preview:large","max-video-preview":"max-video-preview:-1"},"canonical":"https:\/\/radicalskydiving.com.br\/?page_id=20","og_locale":"pt_BR","og_type":"article","og_title":"CURSO AFF","og_description":"\u2b50 Curso AFF \u2013 Voe Alto com o Treinamento que Forma Paraquedistas de Verdade! O Curso AFF (Accelerated Free Fall) \u00e9 a porta de entrada mais emocionante e segura para quem quer aprender a saltar sozinho. Com uma metodologia moderna e din\u00e2mica, voc\u00ea evolui r\u00e1pido, ganha confian\u00e7a e vive a experi\u00eancia real do paraquedismo desde [&hellip;]","og_url":"https:\/\/radicalskydiving.com.br\/?page_id=20","og_site_name":"Radical Skydiving","article_modified_time":"2025-12-19T21:43:47+00:00","og_image":[{"url":"thumb1.jpg"}],"twitter_card":"summary_large_image","twitter_misc":{"Est. tempo de leitura":"1 minuto"},"schema":{"@context":"https:\/\/schema.org","@graph":[{"@type":"WebSite","@id":"https:\/\/radicalskydiving.com.br\/#website","url":"https:\/\/radicalskydiving.com.br\/","name":"Radical Skydiving","description":"Na Radical Skydiving, acreditamos que cada salto \u00e9 mais do que adrenalina: \u00e9 supera\u00e7\u00e3o, conex\u00e3o e evolu\u00e7\u00e3o. Por isso, constru\u00edmos nossa jornada sobre pilares que garantem seguran\u00e7a, profissionalismo e experi\u00eancias inesquec\u00edveis.","potentialAction":[{"@type":"SearchAction","target":{"@type":"EntryPoint","urlTemplate":"https:\/\/radicalskydiving.com.br\/?s={search_term_string}"},"query-input":"required name=search_term_string"}],"inLanguage":"pt-BR"},{"@type":"ImageObject","@id":"https:\/\/radicalskydiving.com.br\/?page_id=20#primaryimage","inLanguage":"pt-BR","url":"thumb1.jpg","contentUrl":"thumb1.jpg"},{"@type":"WebPage","@id":"https:\/\/radicalskydiving.com.br\/?page_id=20#webpage","url":"https:\/\/radicalskydiving.com.br\/?page_id=20","name":"CURSO AFF - Radical Skydiving","isPartOf":{"@id":"https:\/\/radicalskydiving.com.br\/#website"},"primaryImageOfPage":{"@id":"https:\/\/radicalskydiving.com.br\/?page_id=20#primaryimage"},"datePublished":"2025-11-25T16:09:58+00:00","dateModified":"2025-12-19T21:43:47+00:00","breadcrumb":{"@id":"https:\/\/radicalskydiving.com.br\/?page_id=20#breadcrumb"},"inLanguage":"pt-BR","potentialAction":[{"@type":"ReadAction","target":["https:\/\/radicalskydiving.com.br\/?page_id=20"]}]},{"@type":"BreadcrumbList","@id":"https:\/\/radicalskydiving.com.br\/?page_id=20#breadcrumb","itemListElement":[{"@type":"ListItem","position":1,"name":"In\u00edcio","item":"https:\/\/radicalskydiving.com.br\/"},{"@type":"ListItem","position":2,"name":"CURSO AFF"}]}]}},"_links":{"self":[{"href":"https:\/\/radicalskydiving.com.br\/index.php?rest_route=\/wp\/v2\/pages\/20","targetHints":{"allow":["GET"]}}],"collection":[{"href":"https:\/\/radicalskydiving.com.br\/index.php?rest_route=\/wp\/v2\/pages"}],"about":[{"href":"https:\/\/radicalskydiving.com.br\/index.php?rest_route=\/wp\/v2\/types\/page"}],"author":[{"embeddable":true,"href":"https:\/\/radicalskydiving.com.br\/index.php?rest_route=\/wp\/v2\/users\/1"}],"replies":[{"embeddable":true,"href":"https:\/\/radicalskydiving.com.br\/index.php?rest_route=%2Fwp%2Fv2%2Fcomments&post=20"}],"version-history":[{"count":10,"href":"https:\/\/radicalskydiving.com.br\/index.php?rest_route=\/wp\/v2\/pages\/20\/revisions"}],"predecessor-version":[{"id":78,"href":"https:\/\/radicalskydiving.com.br\/index.php?rest_route=\/wp\/v2\/pages\/20\/revisions\/78"}],"wp:attachment":[{"href":"https:\/\/radicalskydiving.com.br\/index.php?rest_route=%2Fwp%2Fv2%2Fmedia&parent=20"}],"curies":[{"name":"wp","href":"https:\/\/api.w.org\/{rel}","templated":true}]}}